{"id":2931,"date":"2022-07-25T13:13:55","date_gmt":"2022-07-25T13:13:55","guid":{"rendered":"https:\/\/trgovina.power.si\/izdelek\/schirm-aus-feinem-pvc-netz\/"},"modified":"2022-08-17T06:30:54","modified_gmt":"2022-08-17T06:30:54","slug":"schirm-aus-feinem-pvc-netz","status":"publish","type":"product","link":"https:\/\/trgovina.power.si\/de\/izdelek\/schirm-aus-feinem-pvc-netz\/","title":{"rendered":"Schirm aus feinem PVC-Netz"},"content":{"rendered":"<ul>\n<li class=\"western\">um das Netz ist eine 3 cm breite Verst\u00e4rkung in der Farbe der Plane geschwei\u00dft,<\/li>\n<li class=\"western\">kleine L\u00f6cher mit 10 mm Durchmesser werden hinzugef\u00fcgt, der Abstand zwischen den kleinen L\u00f6chern betr\u00e4gt ca. 300 mm zur leichteren Befestigung der Plane<\/li>\n<\/ul>\n","protected":false},"excerpt":{"rendered":"<p class=\"western\">Sie m\u00f6chten Schatten, aber trotzdem genug Licht und frische Luft auf der Terrasse? Die L\u00f6sung ist ein Schirm aus hochwertigem PVC-Gewebe, der Licht und Luft hereinl\u00e4sst, aber gleichzeitig direkte Sonneneinstrahlung und Hitze abh\u00e4lt.<\/p>\n","protected":false},"featured_media":2744,"comment_status":"closed","ping_status":"closed","template":"","meta":{"_et_pb_use_builder":"","_et_pb_old_content":"","_et_gb_content_width":""},"product_brand":[],"product_cat":[146],"product_tag":[],"class_list":{"0":"post-2931","1":"product","2":"type-product","3":"status-publish","4":"has-post-thumbnail","6":"product_cat-zeltplanen","8":"first","9":"instock","10":"taxable","11":"shipping-taxable","12":"purchasable","13":"product-type-variable"},"_links":{"self":[{"href":"https:\/\/trgovina.power.si\/de\/wp-json\/wp\/v2\/product\/2931","targetHints":{"allow":["GET"]}}],"collection":[{"href":"https:\/\/trgovina.power.si\/de\/wp-json\/wp\/v2\/product"}],"about":[{"href":"https:\/\/trgovina.power.si\/de\/wp-json\/wp\/v2\/types\/product"}],"replies":[{"embeddable":true,"href":"https:\/\/trgovina.power.si\/de\/wp-json\/wp\/v2\/comments?post=2931"}],"wp:featuredmedia":[{"embeddable":true,"href":"https:\/\/trgovina.power.si\/de\/wp-json\/wp\/v2\/media\/2744"}],"wp:attachment":[{"href":"https:\/\/trgovina.power.si\/de\/wp-json\/wp\/v2\/media?parent=2931"}],"wp:term":[{"taxonomy":"product_brand","embeddable":true,"href":"https:\/\/trgovina.power.si\/de\/wp-json\/wp\/v2\/product_brand?post=2931"},{"taxonomy":"product_cat","embeddable":true,"href":"https:\/\/trgovina.power.si\/de\/wp-json\/wp\/v2\/product_cat?post=2931"},{"taxonomy":"product_tag","embeddable":true,"href":"https:\/\/trgovina.power.si\/de\/wp-json\/wp\/v2\/product_tag?post=2931"}],"curies":[{"name":"wp","href":"https:\/\/api.w.org\/{rel}","templated":true}]}}