{"id":2918,"date":"2022-07-25T12:09:52","date_gmt":"2022-07-25T12:09:52","guid":{"rendered":"https:\/\/trgovina.power.si\/izdelek\/planen-zum-abdecken\/"},"modified":"2022-08-17T06:56:04","modified_gmt":"2022-08-17T06:56:04","slug":"plane-zu-abdeckung","status":"publish","type":"product","link":"https:\/\/trgovina.power.si\/de\/izdelek\/plane-zu-abdeckung\/","title":{"rendered":"Planen zum Abdecken"},"content":{"rendered":"<p class=\"western\">Es stehen zwei Planenvarianten zur Verf\u00fcgung:<\/p>\n<p class=\"western\">Einfarbig, die je nach Gr\u00f6\u00dfe der gew\u00fcnschten Plane aus einem oder mehreren St\u00fccken derselben Plane hergestellt werden. (grau, wei\u00df, gr\u00fcn) und es gibt auch eine Verbundplane, die aus mehreren mehrfarbigen Planenst\u00fccken besteht, die Farben sind nicht w\u00e4hlbar.<\/p>\n<ul>\n<li>Hochwertige PVC-Plane, europ\u00e4ischer Hersteller <span style=\"color: #0563c1;\"><u><a href=\"https:\/\/www.sattler.com\/en\/home\" target=\"_blank\" rel=\"noopener\">Sattler<\/a><\/u><\/span><\/li>\n<li>Die Plane enth\u00e4lt 6 Ringe zur einfachen Befestigung oder Beschwerung<\/li>\n<\/ul>\n","protected":false},"excerpt":{"rendered":"<p class=\"western\">\u00c4rgern Sie sich, wenn beim Abdecken von Brennholz oder Maschinen immer die Folie rei\u00dft? Machen Sie dem ein Ende und entscheiden Sie sich f\u00fcr unsere Abdeckplane. Die Plane ist dicker als die Folie und sehr langlebig, daher ist es sehr schwierig, sie zu zerrei\u00dfen und zu zerst\u00f6ren. Bei der Produktion verschiedener Planenprodukte sind die Ausbeuten manchmal etwas schlechter und es bleiben etliche unbenutzte neue Planen in verschiedenen Abmessungen und Formen \u00fcbrig. Wir in unserem Unternehmen sind uns bewusst, dass die Plane nicht die \u00f6kologischste ist, wenn wir sie wegwerfen. Aus diesem Grund haben wir Planen zum Abdecken vorbereitet, die wir aus diesen St\u00fccken zusammensetzen. Die Qualit\u00e4t des Verbundes ist identisch mit der Qualit\u00e4t aus einem St\u00fcck.<\/p>\n","protected":false},"featured_media":2744,"comment_status":"closed","ping_status":"closed","template":"","meta":{"_et_pb_use_builder":"","_et_pb_old_content":"","_et_gb_content_width":""},"product_brand":[],"product_cat":[146],"product_tag":[],"class_list":{"0":"post-2918","1":"product","2":"type-product","3":"status-publish","4":"has-post-thumbnail","6":"product_cat-zeltplanen","8":"first","9":"instock","10":"taxable","11":"shipping-taxable","12":"purchasable","13":"product-type-variable"},"_links":{"self":[{"href":"https:\/\/trgovina.power.si\/de\/wp-json\/wp\/v2\/product\/2918","targetHints":{"allow":["GET"]}}],"collection":[{"href":"https:\/\/trgovina.power.si\/de\/wp-json\/wp\/v2\/product"}],"about":[{"href":"https:\/\/trgovina.power.si\/de\/wp-json\/wp\/v2\/types\/product"}],"replies":[{"embeddable":true,"href":"https:\/\/trgovina.power.si\/de\/wp-json\/wp\/v2\/comments?post=2918"}],"wp:featuredmedia":[{"embeddable":true,"href":"https:\/\/trgovina.power.si\/de\/wp-json\/wp\/v2\/media\/2744"}],"wp:attachment":[{"href":"https:\/\/trgovina.power.si\/de\/wp-json\/wp\/v2\/media?parent=2918"}],"wp:term":[{"taxonomy":"product_brand","embeddable":true,"href":"https:\/\/trgovina.power.si\/de\/wp-json\/wp\/v2\/product_brand?post=2918"},{"taxonomy":"product_cat","embeddable":true,"href":"https:\/\/trgovina.power.si\/de\/wp-json\/wp\/v2\/product_cat?post=2918"},{"taxonomy":"product_tag","embeddable":true,"href":"https:\/\/trgovina.power.si\/de\/wp-json\/wp\/v2\/product_tag?post=2918"}],"curies":[{"name":"wp","href":"https:\/\/api.w.org\/{rel}","templated":true}]}}