{"id":2912,"date":"2022-07-25T11:34:59","date_gmt":"2022-07-25T11:34:59","guid":{"rendered":"https:\/\/trgovina.power.si\/izdelek\/zeltlagerhalle-10-x-12-m\/"},"modified":"2022-08-26T09:03:59","modified_gmt":"2022-08-26T09:03:59","slug":"lagerhalle-10-x-12-m","status":"publish","type":"product","link":"https:\/\/trgovina.power.si\/de\/izdelek\/lagerhalle-10-x-12-m\/","title":{"rendered":"Zeltlagerhalle 10 x 12 m"},"content":{"rendered":"<ul>\n<li>Konstruktion aus feuerverzinktem Stahl<\/li>\n<li>Hochwertige <span style=\"color: #0563c1;\"><u><a href=\"https:\/\/fs.sattler.com\/?fabric=787&amp;lang=en&amp;id=202&amp;sort=fabric_new&amp;set_id=10&amp;lang=en&amp;fpos=53\" target=\"_blank\" rel=\"noopener\">PVC-Plane (670 g\/m\u00b2)<\/a><\/u><\/span>, wei\u00df, vom europ\u00e4ischen Hersteller <span style=\"color: #0563c1;\"><u><a href=\"https:\/\/www.sattler.com\/en\/home\" target=\"_blank\" rel=\"noopener\">Sattler<\/a><\/u><\/span><\/li>\n<li>Schneelast bis 1,6 kN\/m\u00b2<\/li>\n<li>Windlast bis 25 m\/s<\/li>\n<li>Lange Lebensdauer der Plane<\/li>\n<li>Einfache Installation, M\u00f6glichkeit der Verankerung mit Keilen an verschiedenen bewehrten Untergr\u00fcnden oder Verankerung mit Schrauben an Stahlbetonplatten.<\/li>\n<li>Enth\u00e4lt Bel\u00fcftungs\u00f6ffnungen (Seite, Einlass, Auslass)<\/li>\n<li>Die T\u00fcr ist in Form eines zweiteiligen Vorhangs ausgef\u00fchrt<\/li>\n<li>Die Installation ist auch per Power m\u00f6glich. <strong>(Der Installationspreis beinhaltet nicht den Transport der Arbeiter zum Installationsort und wird auf der Grundlage der tats\u00e4chlichen Situation berechnet).<\/strong><\/li>\n<li>Der Preis beinhaltet nicht den Transport der Konstruktion zum Aufstellungsort.<\/li>\n<li>M\u00f6gliche Zusatzoptionen (Kondensatplane, L\u00fcfter, Paneelt\u00fcr, gr\u00f6\u00dfere Schnee- und Windlast) erstellen wir auf Anfrage gerne ein Angebot.<\/li>\n<\/ul>\n","protected":false},"excerpt":{"rendered":"<p class=\"western\">Sie ben\u00f6tigen Lagerraum, eine kleine Werkstatt oder einen Stall? Wenn ja, dann ist unser Lager die richtige L\u00f6sung f\u00fcr Sie. Im Vergleich zu einem Backsteingeb\u00e4ude ist die Dokumentation, die Sie f\u00fcr eine Zelthalle ben\u00f6tigen, einfacher und die Beschaffungsverfahren k\u00fcrzer. Ein weiterer Vorteil ist, dass der Halo jederzeit wieder abgebaut und an einen anderen Ort gebracht oder mit Paneelen zu einem festen Objekt aufger\u00fcstet werden kann. Es kann auf allen Arten von befestigten Oberfl\u00e4chen platziert werden, Asphalt, Beton, Kies,&#8230;<\/p>\n<p class=\"inquiryOpt\">Das Unternehmen erstellt ein individuelles Angebot f\u00fcr das Produkt nach Ihren W\u00fcnschen (Farbe der Plane, Farbe der Konstruktion und Versandart). F\u00fcllen Sie ein kurzes Formular aus und senden Sie uns eine Anfrage.<\/p>\n<p><a class=\"inquiryBtn single_add_to_cart_button button\" href=\"https:\/\/trgovina.power.si\/de\/anfrage-zeltlagerhalle-10-x-12-m\/\">Senden Sie eine Anfrage<\/a><\/p>\n","protected":false},"featured_media":2742,"comment_status":"closed","ping_status":"closed","template":"","meta":{"_et_pb_use_builder":"","_et_pb_old_content":"","_et_gb_content_width":""},"product_brand":[],"product_cat":[147],"product_tag":[],"class_list":{"0":"post-2912","1":"product","2":"type-product","3":"status-publish","4":"has-post-thumbnail","6":"product_cat-zelthallen","8":"first","9":"instock","10":"taxable","11":"shipping-taxable","12":"product-type-variable"},"_links":{"self":[{"href":"https:\/\/trgovina.power.si\/de\/wp-json\/wp\/v2\/product\/2912","targetHints":{"allow":["GET"]}}],"collection":[{"href":"https:\/\/trgovina.power.si\/de\/wp-json\/wp\/v2\/product"}],"about":[{"href":"https:\/\/trgovina.power.si\/de\/wp-json\/wp\/v2\/types\/product"}],"replies":[{"embeddable":true,"href":"https:\/\/trgovina.power.si\/de\/wp-json\/wp\/v2\/comments?post=2912"}],"wp:featuredmedia":[{"embeddable":true,"href":"https:\/\/trgovina.power.si\/de\/wp-json\/wp\/v2\/media\/2742"}],"wp:attachment":[{"href":"https:\/\/trgovina.power.si\/de\/wp-json\/wp\/v2\/media?parent=2912"}],"wp:term":[{"taxonomy":"product_brand","embeddable":true,"href":"https:\/\/trgovina.power.si\/de\/wp-json\/wp\/v2\/product_brand?post=2912"},{"taxonomy":"product_cat","embeddable":true,"href":"https:\/\/trgovina.power.si\/de\/wp-json\/wp\/v2\/product_cat?post=2912"},{"taxonomy":"product_tag","embeddable":true,"href":"https:\/\/trgovina.power.si\/de\/wp-json\/wp\/v2\/product_tag?post=2912"}],"curies":[{"name":"wp","href":"https:\/\/api.w.org\/{rel}","templated":true}]}}