{"id":2910,"date":"2022-07-25T11:07:53","date_gmt":"2022-07-25T11:07:53","guid":{"rendered":"https:\/\/trgovina.power.si\/izdelek\/kissen-fuer-feuerwehrbaenke-30-x-200-cm\/"},"modified":"2022-07-25T11:07:53","modified_gmt":"2022-07-25T11:07:53","slug":"kissen-fur-feuerwehrbanke-30x200-cm","status":"publish","type":"product","link":"https:\/\/trgovina.power.si\/de\/izdelek\/kissen-fur-feuerwehrbanke-30x200-cm\/","title":{"rendered":"Kissen f\u00fcr Feuerwehrb\u00e4nke 30 x 200 cm"},"content":{"rendered":"<ul>\n<li>Bankgr\u00f6\u00dfe 25 * 200 cm<\/li>\n<li>Die F\u00fcllung besteht aus 3 cm Schaumstoff<\/li>\n<li>Gepolstert mit wasserdicht verschwei\u00dfter hochwertiger PVC-Plane europ\u00e4ischer Hersteller <span style=\"color: #0563c1;\"><u><a href=\"https:\/\/www.sattler.com\/en\/home\" target=\"_blank\" rel=\"noopener\">Sattler<\/a><\/u><\/span>.<\/li>\n<li>Einfach an der Bank zu befestigen<\/li>\n<li>Einfache Wartung, kann mit einem Hochdruckwasserreiniger gewaschen werden.<\/li>\n<li>Lange Lebensspanne<\/li>\n<li>Wahl der Farben<\/li>\n<li>Lange Lebensspanne<\/li>\n<\/ul>\n<p><em>Das Paket enth\u00e4lt 2 St\u00fcck Kissen f\u00fcr 1 Feuerwehr-Set<\/em><\/p>\n","protected":false},"excerpt":{"rendered":"<p class=\"western\">Finden Sie, dass die B\u00e4nke der Feuerwehrsets immer kalt und zu unbequem zum Sitzen sind? Wir haben eine L\u00f6sung f\u00fcr dieses Problem, nur mit unseren Sitzkissen werden sie angenehm weich und angenehm im Griff. Auch im Winter wird das Sitzen auf den B\u00e4nken zum Vergn\u00fcgen. Sie lassen sich einfach an der Bank befestigen und rutschen nicht.<\/p>\n","protected":false},"featured_media":2740,"comment_status":"closed","ping_status":"closed","template":"","meta":{"_et_pb_use_builder":"","_et_pb_old_content":"","_et_gb_content_width":""},"product_brand":[],"product_cat":[144],"product_tag":[],"class_list":{"0":"post-2910","1":"product","2":"type-product","3":"status-publish","4":"has-post-thumbnail","6":"product_cat-dekorative-kissen-und-tischdecken","8":"first","9":"instock","10":"taxable","11":"shipping-taxable","12":"purchasable","13":"product-type-variable"},"_links":{"self":[{"href":"https:\/\/trgovina.power.si\/de\/wp-json\/wp\/v2\/product\/2910","targetHints":{"allow":["GET"]}}],"collection":[{"href":"https:\/\/trgovina.power.si\/de\/wp-json\/wp\/v2\/product"}],"about":[{"href":"https:\/\/trgovina.power.si\/de\/wp-json\/wp\/v2\/types\/product"}],"replies":[{"embeddable":true,"href":"https:\/\/trgovina.power.si\/de\/wp-json\/wp\/v2\/comments?post=2910"}],"wp:featuredmedia":[{"embeddable":true,"href":"https:\/\/trgovina.power.si\/de\/wp-json\/wp\/v2\/media\/2740"}],"wp:attachment":[{"href":"https:\/\/trgovina.power.si\/de\/wp-json\/wp\/v2\/media?parent=2910"}],"wp:term":[{"taxonomy":"product_brand","embeddable":true,"href":"https:\/\/trgovina.power.si\/de\/wp-json\/wp\/v2\/product_brand?post=2910"},{"taxonomy":"product_cat","embeddable":true,"href":"https:\/\/trgovina.power.si\/de\/wp-json\/wp\/v2\/product_cat?post=2910"},{"taxonomy":"product_tag","embeddable":true,"href":"https:\/\/trgovina.power.si\/de\/wp-json\/wp\/v2\/product_tag?post=2910"}],"curies":[{"name":"wp","href":"https:\/\/api.w.org\/{rel}","templated":true}]}}