{"id":2907,"date":"2022-07-25T10:58:17","date_gmt":"2022-07-25T10:58:17","guid":{"rendered":"https:\/\/trgovina.power.si\/izdelek\/tischdecke-fuer-feuerwehrtische\/"},"modified":"2022-07-25T10:58:17","modified_gmt":"2022-07-25T10:58:17","slug":"tischdecke-fur-feuerwehrtische","status":"publish","type":"product","link":"https:\/\/trgovina.power.si\/de\/izdelek\/tischdecke-fur-feuerwehrtische\/","title":{"rendered":"Tischdecke f\u00fcr Feuerwehrtische"},"content":{"rendered":"<ul>\n<li>Tischdecken aus hochwertiger PVC-Plane, europ\u00e4ischer Hersteller <span style=\"color: #0563c1;\"><u><a href=\"https:\/\/www.sattler.com\/en\/home\" target=\"_blank\" rel=\"noopener\">Sattler<\/a><\/u><\/span>.<\/li>\n<li>einfache Wartung<\/li>\n<li>kann von Hand oder mit einem Hochdruckwasserreiniger gewaschen werden<\/li>\n<li>M\u00f6glichkeit, Farben zu w\u00e4hlen<\/li>\n<li>lange Lebensspanne<\/li>\n<\/ul>\n","protected":false},"excerpt":{"rendered":"<p class=\"western\">Tische und Feuerwehrsets nutzen sich mit der Zeit ab und sind optisch alles andere als sch\u00f6n. Damit Ihre Party, Feier und Feier so sch\u00f6n wie m\u00f6glich aussehen, haben wir von Power eine L\u00f6sung f\u00fcr das Problem gefunden und die Tische mit einer hochwertigen PVC-Plane abgedeckt, die die Tische immer wie neu aussehen l\u00e4sst und sie sauber macht wird eine Freude.<\/p>\n","protected":false},"featured_media":2738,"comment_status":"closed","ping_status":"closed","template":"","meta":{"_et_pb_use_builder":"","_et_pb_old_content":"","_et_gb_content_width":""},"product_brand":[],"product_cat":[144],"product_tag":[],"class_list":{"0":"post-2907","1":"product","2":"type-product","3":"status-publish","4":"has-post-thumbnail","6":"product_cat-dekorative-kissen-und-tischdecken","8":"first","9":"instock","10":"taxable","11":"shipping-taxable","12":"purchasable","13":"product-type-variable"},"_links":{"self":[{"href":"https:\/\/trgovina.power.si\/de\/wp-json\/wp\/v2\/product\/2907","targetHints":{"allow":["GET"]}}],"collection":[{"href":"https:\/\/trgovina.power.si\/de\/wp-json\/wp\/v2\/product"}],"about":[{"href":"https:\/\/trgovina.power.si\/de\/wp-json\/wp\/v2\/types\/product"}],"replies":[{"embeddable":true,"href":"https:\/\/trgovina.power.si\/de\/wp-json\/wp\/v2\/comments?post=2907"}],"wp:featuredmedia":[{"embeddable":true,"href":"https:\/\/trgovina.power.si\/de\/wp-json\/wp\/v2\/media\/2738"}],"wp:attachment":[{"href":"https:\/\/trgovina.power.si\/de\/wp-json\/wp\/v2\/media?parent=2907"}],"wp:term":[{"taxonomy":"product_brand","embeddable":true,"href":"https:\/\/trgovina.power.si\/de\/wp-json\/wp\/v2\/product_brand?post=2907"},{"taxonomy":"product_cat","embeddable":true,"href":"https:\/\/trgovina.power.si\/de\/wp-json\/wp\/v2\/product_cat?post=2907"},{"taxonomy":"product_tag","embeddable":true,"href":"https:\/\/trgovina.power.si\/de\/wp-json\/wp\/v2\/product_tag?post=2907"}],"curies":[{"name":"wp","href":"https:\/\/api.w.org\/{rel}","templated":true}]}}