{"id":2894,"date":"2022-07-18T05:51:58","date_gmt":"2022-07-18T05:51:58","guid":{"rendered":"https:\/\/trgovina.power.si\/izdelek\/carport-prestige-fuer-1-fahrzeug\/"},"modified":"2022-08-26T09:04:25","modified_gmt":"2022-08-26T09:04:25","slug":"carport-2","status":"publish","type":"product","link":"https:\/\/trgovina.power.si\/de\/izdelek\/carport-2\/","title":{"rendered":"Carport Prestige f\u00fcr 1 Fahrzeug"},"content":{"rendered":"<ul>\n<li>Modernes Baldachin-Design<\/li>\n<li>Abmessung 3 m * 6 m<\/li>\n<li>Einfaches Abstellen des Fahrzeugs durch durchdachte Befestigung nur auf einer Seite,<\/li>\n<li>Einfache Montage auf allen Arten von bewehrten Untergr\u00fcnden mit Hilfe von Ankerkeilen, die Sie auch selbst durchf\u00fchren k\u00f6nnen.<\/li>\n<li>Die Installation ist auch per Power m\u00f6glich. <em>(Der Installationspreis beinhaltet nicht den Transport der Arbeiter zum Installationsort und wird nach der tats\u00e4chlichen Situation berechnet).<\/em><\/li>\n<li>Der Preis beinhaltet nicht den Transport des Baldachins zum Installationsort.<\/li>\n<li>M\u00f6gliche Wahl der Planenfarbe (hochwertige PVC-Plane, europ\u00e4ischer Hersteller <span style=\"color: #0563c1;\"><u><a href=\"https:\/\/www.sattler.com\/en\/home\" target=\"_blank\" rel=\"noopener\">Sattler<\/a><\/u><\/span>).<\/li>\n<li>Es ist m\u00f6glich, die Farbe des Rahmens nach der RAL-Skala zu w\u00e4hlen.<\/li>\n<\/ul>\n","protected":false},"excerpt":{"rendered":"<p class=\"western\">Wir sind machtlos gegen die Natur und k\u00f6nnen das Wetter nicht regulieren. Wir k\u00f6nnen jedoch einen Carport installieren, der Naturph\u00e4nomenen wie: Hagel, Wind, Hitze, Schnee, &#8230; erfolgreich trotzt. Mit unseren Vord\u00e4chern ist Ihr Stahlpferd immer sicher. Es erwartet Sie unbesch\u00e4digt, sauber und nicht durch direkte Sonneneinstrahlung \u00fcberhitzt.<\/p>\n<p class=\"inquiryOpt\">Das Unternehmen erstellt ein individuelles Angebot f\u00fcr das Produkt nach Ihren W\u00fcnschen (Farbe der Plane, Farbe der Konstruktion und Versandart). F\u00fcllen Sie ein kurzes Formular aus und senden Sie uns eine Anfrage.<\/p>\n<p><a class=\"inquiryBtn single_add_to_cart_button button\" href=\"https:\/\/trgovina.power.si\/de\/anfrage-carport-prestige-fuer-1-fahrzeug\/\">Senden Sie eine Anfrage<\/a><\/p>\n","protected":false},"featured_media":3267,"comment_status":"open","ping_status":"closed","template":"","meta":{"_et_pb_use_builder":"off","_et_pb_old_content":"<ul>\n \t<li>Ein modernes \u00dcberdachungsdesign, das leicht zu mehreren Einheiten aufger\u00fcstet werden kann<\/li>\n \t<li>Abmessung 2,5 m (Abmessung 1 Einheit) * 6 m<\/li>\n \t<li>Einfaches Abstellen des Fahrzeugs durch durchdachte Befestigung nur auf einer Seite,<\/li>\n \t<li>Einfache Montage auf allen Arten von bewehrten Untergr\u00fcnden mit Hilfe von Ankerkeilen, die Sie auch selbst durchf\u00fchren k\u00f6nnen.<\/li>\n \t<li>Die Installation ist auch per Power m\u00f6glich. <em>(Der Installationspreis beinhaltet nicht den Transport der Arbeiter zum Installationsort und wird nach der tats\u00e4chlichen Situation berechnet).<\/em><\/li>\n \t<li>Der Preis beinhaltet nicht den Transport des Baldachins zum Installationsort.<\/li>\n \t<li>Sie k\u00f6nnen aus beliebig vielen Parkpl\u00e4tzen w\u00e4hlen.<\/li>\n \t<li>M\u00f6gliche Wahl der Planenfarbe (hochwertige PVC-Plane, europ\u00e4ischer Hersteller <span style=\"color: #0563c1\"><u><a href=\"https:\/\/www.sattler.com\/en\/home\" target=\"_blank\" rel=\"noopener\">Sattler<\/a><\/u><\/span>).<\/li>\n \t<li>Es ist m\u00f6glich, die Farbe des Rahmens nach der RAL-Skala zu w\u00e4hlen.<\/li>\n<\/ul>","_et_gb_content_width":""},"product_brand":[],"product_cat":[142],"product_tag":[],"class_list":{"0":"post-2894","1":"product","2":"type-product","3":"status-publish","4":"has-post-thumbnail","6":"product_cat-autounterstand","8":"first","9":"instock","10":"taxable","11":"shipping-taxable","12":"purchasable","13":"product-type-variable"},"_links":{"self":[{"href":"https:\/\/trgovina.power.si\/de\/wp-json\/wp\/v2\/product\/2894","targetHints":{"allow":["GET"]}}],"collection":[{"href":"https:\/\/trgovina.power.si\/de\/wp-json\/wp\/v2\/product"}],"about":[{"href":"https:\/\/trgovina.power.si\/de\/wp-json\/wp\/v2\/types\/product"}],"replies":[{"embeddable":true,"href":"https:\/\/trgovina.power.si\/de\/wp-json\/wp\/v2\/comments?post=2894"}],"wp:featuredmedia":[{"embeddable":true,"href":"https:\/\/trgovina.power.si\/de\/wp-json\/wp\/v2\/media\/3267"}],"wp:attachment":[{"href":"https:\/\/trgovina.power.si\/de\/wp-json\/wp\/v2\/media?parent=2894"}],"wp:term":[{"taxonomy":"product_brand","embeddable":true,"href":"https:\/\/trgovina.power.si\/de\/wp-json\/wp\/v2\/product_brand?post=2894"},{"taxonomy":"product_cat","embeddable":true,"href":"https:\/\/trgovina.power.si\/de\/wp-json\/wp\/v2\/product_cat?post=2894"},{"taxonomy":"product_tag","embeddable":true,"href":"https:\/\/trgovina.power.si\/de\/wp-json\/wp\/v2\/product_tag?post=2894"}],"curies":[{"name":"wp","href":"https:\/\/api.w.org\/{rel}","templated":true}]}}