{"id":3127,"date":"2022-07-29T10:40:11","date_gmt":"2022-07-29T10:40:11","guid":{"rendered":"https:\/\/trgovina.power.si\/politika-zasebnosti-in-piskotki\/"},"modified":"2022-08-26T13:36:12","modified_gmt":"2022-08-26T13:36:12","slug":"datenschutzerklarung","status":"publish","type":"page","link":"https:\/\/trgovina.power.si\/de\/datenschutzerklarung\/","title":{"rendered":"Die Datenschutzerkl\u00e4rung und Cookies"},"content":{"rendered":"[et_pb_section fb_built=&#8220;1&#8243; admin_label=&#8220;Submenus&#8220; module_class=&#8220;pageSubmenus&#8220; _builder_version=&#8220;4.17.4&#8243; _module_preset=&#8220;default&#8220; custom_margin=&#8220;0px||0px||false|false&#8220; custom_padding=&#8220;0px||0px||false|false&#8220; saved_tabs=&#8220;all&#8220; locked=&#8220;off&#8220; global_colors_info=&#8220;{}&#8220;][et_pb_row admin_label=&#8220;Row&#8220; _builder_version=&#8220;4.17.4&#8243; _module_preset=&#8220;default&#8220; custom_css_main_element=&#8220;width: 100%;||padding: 0 30px;||max-width: 100%;&#8220; global_colors_info=&#8220;{}&#8220;][et_pb_column type=&#8220;4_4&#8243; _builder_version=&#8220;4.17.4&#8243; _module_preset=&#8220;default&#8220; global_colors_info=&#8220;{}&#8220;][et_pb_sidebar _builder_version=&#8220;4.17.0&#8243; _module_preset=&#8220;default&#8220; global_colors_info=&#8220;{}&#8220;][\/et_pb_sidebar][\/et_pb_column][\/et_pb_row][\/et_pb_section][et_pb_section fb_built=&#8220;1&#8243; _builder_version=&#8220;4.17.4&#8243; _module_preset=&#8220;default&#8220; global_colors_info=&#8220;{}&#8220;][et_pb_row admin_label=&#8220;Naslov strani&#8220; _builder_version=&#8220;4.17.0&#8243; _module_preset=&#8220;default&#8220; locked=&#8220;off&#8220; global_colors_info=&#8220;{}&#8220;][et_pb_column type=&#8220;4_4&#8243; _builder_version=&#8220;4.17.0&#8243; _module_preset=&#8220;default&#8220; global_colors_info=&#8220;{}&#8220;][et_pb_text _builder_version=&#8220;4.17.0&#8243; _dynamic_attributes=&#8220;content&#8220; _module_preset=&#8220;default&#8220; global_colors_info=&#8220;{}&#8220;]@ET-DC@eyJkeW5hbWljIjp0cnVlLCJjb250ZW50IjoicG9zdF90aXRsZSIsInNldHRpbmdzIjp7ImJlZm9yZSI6IjxoMT4iLCJhZnRlciI6IjwvaDE+In19@[\/et_pb_text][\/et_pb_column][\/et_pb_row][et_pb_row _builder_version=&#8220;4.17.0&#8243; _module_preset=&#8220;default&#8220; global_colors_info=&#8220;{}&#8220;][et_pb_column type=&#8220;4_4&#8243; _builder_version=&#8220;4.17.0&#8243; _module_preset=&#8220;default&#8220; global_colors_info=&#8220;{}&#8220;][et_pb_text _builder_version=&#8220;4.18.0&#8243; _module_preset=&#8220;default&#8220; hover_enabled=&#8220;0&#8243; global_colors_info=&#8220;{}&#8220; sticky_enabled=&#8220;0&#8243;]<h1>Sicherheit und Privatsph\u00e4re<\/h1>\n<h2>Sicherheit<\/h2>\n<p>Wir verwenden geeignete technische und organisatorische Mittel, um die \u00dcbertragung und Speicherung personenbezogener Daten und Zahlungen zu sch\u00fctzen. Informationen \u00fcber Karten und Zugang zu Zahlungssystemen werden nicht auf dem Server des Online-Shops gespeichert, sie sind ordnungsgem\u00e4\u00df verschl\u00fcsselt, sodass Dritte sie nicht lesen k\u00f6nnen.<\/p>\n<h3>Schutz personenbezogener Daten<\/h3>\n<p>POWER DAMIJAN DOBNIK S.P. verpflichtet sich zum dauerhaften Schutz aller personenbezogenen Daten des Nutzers gem\u00e4\u00df ZVOP-1. Website auf unbestimmte Zeit bzw Bis zum Eingang der K\u00fcndigung durch den einzelnen Benutzer werden folgende Daten der Online-Shop-Benutzer gespeichert: Vor- und Nachname, E-Mail-Adresse, Kontakttelefonnummer, Hauptadresse und Lieferadressen, Land des Wohnsitzes, Uhrzeit und Datum der Registrierung ( wenn die Registrierung aktiviert ist) und Kommunikationsarchiv.<\/p>\n<p>Wir verwenden die angegebenen personenbezogenen Daten ausschlie\u00dflich zum Zwecke der Auftragsabwicklung (Zusendung von Informationsmaterial, Angeboten, Rechnungen) und sonstiger notwendiger Kommunikation mit registrierten Nutzern des Online-Shops. Die Daten des Nutzers werden unter keinen Umst\u00e4nden an unbefugte Personen weitergegeben. Alle vertraulichen Informationen, die \u00fcber das Internet \u00fcbertragen werden (pers\u00f6nliche Informationen, Kaufinformationen und Zahlungskartennummern), werden ordnungsgem\u00e4\u00df verschl\u00fcsselt, sodass Dritte sie nicht lesen k\u00f6nnen.<\/p>\n<p>F\u00fcr nicht registrierte Benutzer &#8211; G\u00e4ste speichern wir die folgenden Daten bis zur Erf\u00fcllung der Bestellung: Vor- und Nachname, E-Mail-Adresse, Kontakttelefonnummer, Hauptadresse und Lieferadressen, Wohnsitzland, Uhrzeit und Datum der Registrierung und Kommunikationsarchiv.<\/p>\n<p>Der Benutzer ist auch selbst f\u00fcr den Schutz personenbezogener Daten verantwortlich, n\u00e4mlich durch die Gew\u00e4hrleistung der Sicherheit seiner E-Mail-Adresse, seines Benutzernamens und seines Passworts sowie des angemessenen Software- (Virenschutz-) Schutzes seines Computers.<\/p>\n<h3>Beendigung der Registrierung<\/h3>\n<p>Die Registrierung im Online-Shop ist generell deaktiviert. Wenn die Registrierung aktiviert ist und Sie Ihre Registrierung in \u201eMein Konto\u201c stornieren m\u00f6chten, benachrichtigen Sie uns bitte unter der E-Mail-Adresse info@power.si. Um die Authentizit\u00e4t der Daten zu \u00fcberpr\u00fcfen, werden wir Sie kontaktieren und abschlie\u00dfend die L\u00f6schung Ihrer Registrierung best\u00e4tigen. Der Antrag auf L\u00f6schung der Registrierung muss von der E-Mail-Adresse gesendet werden, mit der das Benutzerkonto er\u00f6ffnet wurde. Innerhalb von 15 Tagen nach Erhalt Ihres Widerrufswunsches werden wir Ihre personenbezogenen Daten l\u00f6schen und Sie dar\u00fcber informieren.<\/p>\n<h2>Cookies<\/h2>\n<p>Cookies sind kleine Textdateien, die die meisten Websites auf den Ger\u00e4ten der Benutzer speichern, mit denen sie auf das Internet zugreifen, um die einzelnen Ger\u00e4te zu identifizieren, die die Benutzer f\u00fcr den Zugriff verwendet haben. Deren Speicherung unterliegt der vollen Kontrolle des vom Benutzer verwendeten Browsers \u2013 er kann die Speicherung von Cookies nach Wunsch einschr\u00e4nken oder deaktivieren.<\/p>\n<h3>Warum sind Cookies notwendig?<\/h3>\n<p>Cookies sind grundlegend f\u00fcr die Bereitstellung benutzerfreundlicher Online-Dienste. Ohne Cookies w\u00e4ren die g\u00e4ngigsten E-Business-Funktionen nicht m\u00f6glich. Die Interaktion zwischen dem Webbenutzer und der Website ist mit Hilfe von Cookies schneller und einfacher. Mit ihrer Hilfe merkt sich die Website die Vorlieben und Erfahrungen des Einzelnen, wodurch Zeit gespart und das Surfen im Internet effizienter und angenehmer wird. Cookies werden von den meisten Websites verwendet, sie sind ein praktisches Mittel, um Inhalte aktuell und angemessen zu halten, was den Interessen und Vorlieben des einzelnen Webbenutzers entspricht. Es gibt mehrere Gr\u00fcnde f\u00fcr die Verwendung von Cookies, der erste davon ist sicherlich ihre F\u00e4higkeit, Daten \u00fcber den Zustand einer einzelnen Website zu speichern (Details zu Anpassungen einer einzelnen Website), sie helfen bei der Implementierung verschiedener Online-Dienste (Online-Shops), Sie helfen beim Sammeln verschiedener Statistiken \u00fcber die Gewohnheiten des Online-Benutzers &#8211; denn nur mit ihnen kann die H\u00e4ufigkeit des Besuchs einer bestimmten Website \u00fcberwacht werden. Unternehmen k\u00f6nnen Cookies verwenden, um die Wirksamkeit des Designs ihrer Websites sowie die Angemessenheit der Art und Anzahl der Anzeigen, die sie den Benutzern auf ihren Websites anbieten, zu bewerten.<\/p>\n<h3>Welche Informationen enth\u00e4lt die Website?<\/h3>\n<table class=\"cookielawinfo-row-cat-table cookielawinfo-classic\"><thead><tr><th class=\"cookielawinfo-column-1\">Cookie<\/th><th class=\"cookielawinfo-column-4\">Beschreibung<\/th><\/tr><\/thead><tbody><tr class=\"cookielawinfo-row\"><td class=\"cookielawinfo-column-1\">_ga<\/td><td class=\"cookielawinfo-column-4\">Das von Google Analytics installierte _ga-Cookie berechnet Besucher-, Sitzungs- und Kampagnendaten und verfolgt auch die Nutzung der Website f\u00fcr den Analysebericht der Website. Das Cookie speichert Informationen anonym und weist eine zuf\u00e4llig generierte Nummer zu, um eindeutige Besucher zu erkennen.<\/td><\/tr><tr class=\"cookielawinfo-row\"><td class=\"cookielawinfo-column-1\">_ga_4TZF3P6J4R<\/td><td class=\"cookielawinfo-column-4\">Dieses Cookie wird von Google Analytics installiert.<\/td><\/tr><tr class=\"cookielawinfo-row\"><td class=\"cookielawinfo-column-1\">CONSENT<\/td><td class=\"cookielawinfo-column-4\">YouTube nastavi ta pi\u0161kotek prek vdelanih youtube videoposnetkov in bele\u017ei anonimne statisti\u010dne podatke.<\/td><\/tr><tr class=\"cookielawinfo-row\"><td class=\"cookielawinfo-column-1\">cookielawinfo-checkbox-advertisement<\/td><td class=\"cookielawinfo-column-4\">Dieses Cookie wird vom GDPR Cookie Consent Plugin gesetzt und wird verwendet, um die Zustimmung des Benutzers f\u00fcr die Cookies in der Kategorie \"Werbung\" aufzuzeichnen.<\/td><\/tr><tr class=\"cookielawinfo-row\"><td class=\"cookielawinfo-column-1\">cookielawinfo-checkbox-analytics<\/td><td class=\"cookielawinfo-column-4\">Dieses Cookie wird vom GDPR Cookie Consent Plugin gesetzt. Das Cookie wird verwendet, um die Benutzereinwilligung f\u00fcr die Cookies in der Kategorie \"Analytics\" zu speichern.<\/td><\/tr><tr class=\"cookielawinfo-row\"><td class=\"cookielawinfo-column-1\">cookielawinfo-checkbox-functional<\/td><td class=\"cookielawinfo-column-4\">Das Cookie wird von GDPR Cookie Consent gesetzt, um die Benutzereinwilligung f\u00fcr die Cookies in der Kategorie \"Funktional\" aufzuzeichnen.<\/td><\/tr><tr class=\"cookielawinfo-row\"><td class=\"cookielawinfo-column-1\">cookielawinfo-checkbox-necessary<\/td><td class=\"cookielawinfo-column-4\">Dieses Cookie wird vom GDPR Cookie Consent Plugin gesetzt. Die Cookies werden verwendet, um die Benutzereinwilligung f\u00fcr die Cookies in der Kategorie \u201eNotwendig\u201c zu speichern.<\/td><\/tr><tr class=\"cookielawinfo-row\"><td class=\"cookielawinfo-column-1\">cookielawinfo-checkbox-others<\/td><td class=\"cookielawinfo-column-4\">Dieses Cookie wird vom GDPR Cookie Consent Plugin gesetzt. Das Cookie wird verwendet, um die Benutzereinwilligung f\u00fcr die Cookies in der Kategorie \u201eSonstiges\u201c zu speichern.<\/td><\/tr><tr class=\"cookielawinfo-row\"><td class=\"cookielawinfo-column-1\">cookielawinfo-checkbox-performance<\/td><td class=\"cookielawinfo-column-4\">Dieses Cookie wird vom GDPR Cookie Consent Plugin gesetzt. Das Cookie wird verwendet, um die Benutzereinwilligung f\u00fcr die Cookies in der Kategorie \"Performance\" zu speichern.<\/td><\/tr><tr class=\"cookielawinfo-row\"><td class=\"cookielawinfo-column-1\">CookieLawInfoConsent<\/td><td class=\"cookielawinfo-column-4\">Zeichnet den Standardschaltfl\u00e4chenstatus der entsprechenden Kategorie und den Status von CCPA auf. Es funktioniert nur in Abstimmung mit dem prim\u00e4ren Cookie. It works only in coordination with the primary cookie.<\/td><\/tr><tr class=\"cookielawinfo-row\"><td class=\"cookielawinfo-column-1\">NID<\/td><td class=\"cookielawinfo-column-4\">NID-Cookie, gesetzt von Google, wird f\u00fcr Werbezwecke verwendet; um die H\u00e4ufigkeit zu begrenzen, mit der der Benutzer eine Anzeige sieht, um unerw\u00fcnschte Anzeigen stummzuschalten und um die Wirksamkeit von Anzeigen zu messen.<\/td><\/tr><tr class=\"cookielawinfo-row\"><td class=\"cookielawinfo-column-1\">PH_HPXY_CHECK<\/td><td class=\"cookielawinfo-column-4\">Dieses Cookie wird verwendet, um die Informationen \u00fcber die aktuelle Sitzung zu speichern.<\/td><\/tr><tr class=\"cookielawinfo-row\"><td class=\"cookielawinfo-column-1\">viewed_cookie_policy<\/td><td class=\"cookielawinfo-column-4\">Das Cookie wird vom GDPR Cookie Consent Plugin gesetzt und wird verwendet, um zu speichern, ob der Benutzer der Verwendung von Cookies zugestimmt hat oder nicht. Es speichert keine personenbezogenen Daten.<\/td><\/tr><tr class=\"cookielawinfo-row\"><td class=\"cookielawinfo-column-1\">VISITOR_INFO1_LIVE<\/td><td class=\"cookielawinfo-column-4\">Ein von YouTube gesetztes Cookie zur Messung der Bandbreite, das bestimmt, ob der Benutzer die neue oder alte Player-Oberfl\u00e4che erh\u00e4lt.<\/td><\/tr><tr class=\"cookielawinfo-row\"><td class=\"cookielawinfo-column-1\">wp_woocommerce_session_e9eb1f584b8e7d558b8239215192d5dc<\/td><td class=\"cookielawinfo-column-4\">Keine Beschreibung verf\u00fcgbar.<\/td><\/tr><tr class=\"cookielawinfo-row\"><td class=\"cookielawinfo-column-1\">wp-wpml_current_language<\/td><td class=\"cookielawinfo-column-4\">Keine Beschreibung verf\u00fcgbar.<\/td><\/tr><tr class=\"cookielawinfo-row\"><td class=\"cookielawinfo-column-1\">YSC<\/td><td class=\"cookielawinfo-column-4\">YSC-Cookie wird von Youtube gesetzt und wird verwendet, um die Aufrufe von eingebetteten Videos auf Youtube-Seiten zu verfolgen.<\/td><\/tr><tr class=\"cookielawinfo-row\"><td class=\"cookielawinfo-column-1\">yt-remote-connected-devices<\/td><td class=\"cookielawinfo-column-4\">YouTube nastavi ta pi\u0161kotek za shranjevanje video nastavitev uporabnika, ki uporablja vdelan YouTube video.<\/td><\/tr><tr class=\"cookielawinfo-row\"><td class=\"cookielawinfo-column-1\">yt.innertube::nextId<\/td><td class=\"cookielawinfo-column-4\">Dieses von YouTube gesetzte Cookie registriert eine eindeutige ID, um Daten dar\u00fcber zu speichern, welche Videos von YouTube der Benutzer gesehen hat.<\/td><\/tr><tr class=\"cookielawinfo-row\"><td class=\"cookielawinfo-column-1\">yt.innertube::requests<\/td><td class=\"cookielawinfo-column-4\">Dieses von YouTube gesetzte Cookie registriert eine eindeutige ID, um Daten dar\u00fcber zu speichern, welche Videos von YouTube der Benutzer gesehen hat.<\/td><\/tr><\/tbody><\/table>\n<h3>Welche personenbezogenen Daten wir speichern und wie Sie diese \u00e4ndern k\u00f6nnen<\/h3>\n<p>Sie k\u00f6nnen einen Bericht \u00fcber Ihre pers\u00f6nlichen Daten erhalten, indem Sie uns eine E-Mail an info@power.si senden.<\/p>\n<h3>Haftungsausschluss<\/h3>\n<p>Die auf den Seiten des POWER Online-Shops ver\u00f6ffentlichten Inhalte d\u00fcrfen nur zu nichtkommerziellen Zwecken verwendet und vervielf\u00e4ltigt werden, wobei alle Urheberrechtsvermerke zu beachten sind. POWER DAMIJAN DOBNIK S.P. stellt die aktuellsten und genauesten Inhalte ihrer Websites zur Verf\u00fcgung, \u00fcbernimmt jedoch keine Garantien f\u00fcr deren Aktualit\u00e4t und\/oder Genauigkeit. Alle Benutzer verwenden alle ver\u00f6ffentlichten Inhalte auf eigenes Risiko.<\/p>\n<p>POWER DAMIJAN DOBNIK S.P. oder eine der anderen juristischen oder nat\u00fcrlichen Personen, die an der Erstellung und Erstellung des POWER-Online-Shops beteiligt waren, sind nicht verantwortlich f\u00fcr Sch\u00e4den, die sich aus dem Zugriff auf die Nutzung oder der Unm\u00f6glichkeit der Nutzung der Informationen auf den Websites ergeben des POWER Online Stores oder f\u00fcr technische Fehler. Wir bem\u00fchen uns, f\u00fcr alle Produkte im POWER-Online-Shop geeignete Bilder bereitzustellen. Bei eventuellen Farbabweichungen zu den tats\u00e4chlichen Produkten ber\u00fchrt dies nicht die Beschaffenheit des Produktes. Wir r\u00e4umen die M\u00f6glichkeit von Unregelm\u00e4\u00dfigkeiten in den Daten, Bildern, Texten, Audio- und Videomaterialien im POWER-Onlineshop ein. F\u00fcr genauere Beschreibungen und Informationen k\u00f6nnen Sie uns oder den Produkthersteller direkt kontaktieren. Bei Fehlern erm\u00f6glichen wir Ihnen, auf unsere Kosten vom Vertrag zur\u00fcckzutreten.<\/p>\n<p>POWER DAMIJAN DOBNIK S.P. beh\u00e4lt sich das Recht vor, die Gesch\u00e4ftsbedingungen \u00fcber den POWER Online-Shop jederzeit, in jeder Weise und ohne vorherige Ank\u00fcndigung zu \u00e4ndern.<\/p>[\/et_pb_text][\/et_pb_column][\/et_pb_row][\/et_pb_section]","protected":false},"excerpt":{"rendered":"<p>Sicherheit und Privatsph\u00e4re Sicherheit Wir verwenden geeignete technische und organisatorische Mittel, um die \u00dcbertragung und Speicherung personenbezogener Daten und Zahlungen zu sch\u00fctzen. Informationen \u00fcber Karten und Zugang zu Zahlungssystemen werden nicht auf dem Server des Online-Shops gespeichert, sie sind ordnungsgem\u00e4\u00df verschl\u00fcsselt, sodass Dritte sie nicht lesen k\u00f6nnen. Schutz personenbezogener Daten POWER DAMIJAN DOBNIK S.P. verpflichtet [&hellip;]<\/p>\n","protected":false},"author":1,"featured_media":0,"parent":0,"menu_order":0,"comment_status":"closed","ping_status":"closed","template":"","meta":{"_et_pb_use_builder":"on","_et_pb_old_content":"","_et_gb_content_width":"","footnotes":""},"class_list":["post-3127","page","type-page","status-publish","hentry"],"_links":{"self":[{"href":"https:\/\/trgovina.power.si\/de\/wp-json\/wp\/v2\/pages\/3127","targetHints":{"allow":["GET"]}}],"collection":[{"href":"https:\/\/trgovina.power.si\/de\/wp-json\/wp\/v2\/pages"}],"about":[{"href":"https:\/\/trgovina.power.si\/de\/wp-json\/wp\/v2\/types\/page"}],"author":[{"embeddable":true,"href":"https:\/\/trgovina.power.si\/de\/wp-json\/wp\/v2\/users\/1"}],"replies":[{"embeddable":true,"href":"https:\/\/trgovina.power.si\/de\/wp-json\/wp\/v2\/comments?post=3127"}],"version-history":[{"count":4,"href":"https:\/\/trgovina.power.si\/de\/wp-json\/wp\/v2\/pages\/3127\/revisions"}],"predecessor-version":[{"id":3131,"href":"https:\/\/trgovina.power.si\/de\/wp-json\/wp\/v2\/pages\/3127\/revisions\/3131"}],"wp:attachment":[{"href":"https:\/\/trgovina.power.si\/de\/wp-json\/wp\/v2\/media?parent=3127"}],"curies":[{"name":"wp","href":"https:\/\/api.w.org\/{rel}","templated":true}]}}