{"id":3056,"date":"2022-07-28T05:57:35","date_gmt":"2022-07-28T05:57:35","guid":{"rendered":"https:\/\/trgovina.power.si\/anfrage-carport-prestige-fuer-mehrere-fahrzeuge\/"},"modified":"2023-03-07T07:01:27","modified_gmt":"2023-03-07T07:01:27","slug":"anfrage-carport-prestige-fuer-mehrere-fahrzeuge","status":"publish","type":"page","link":"https:\/\/trgovina.power.si\/de\/anfrage-carport-prestige-fuer-mehrere-fahrzeuge\/","title":{"rendered":"Anfrage &#8211; Carport Prestige f\u00fcr mehrere Fahrzeuge"},"content":{"rendered":"<p>[et_pb_section fb_built=&#8220;1&#8243; _builder_version=&#8220;4.17.6&#8243; _module_preset=&#8220;default&#8220; global_colors_info=&#8220;{}&#8220;][et_pb_row column_structure=&#8220;1_2,1_2&#8243; _builder_version=&#8220;4.17.6&#8243; _module_preset=&#8220;default&#8220; global_colors_info=&#8220;{}&#8220;][et_pb_column type=&#8220;1_2&#8243; _builder_version=&#8220;4.17.6&#8243; _module_preset=&#8220;default&#8220; global_colors_info=&#8220;{}&#8220;][et_pb_image src=&#8220;https:\/\/trgovina.power.si\/wp-content\/uploads\/2022\/07\/carport-multi.jpg&#8220; title_text=&#8220;carport-multi&#8220; _builder_version=&#8220;4.17.6&#8243; _module_preset=&#8220;default&#8220; global_colors_info=&#8220;{}&#8220;][\/et_pb_image][\/et_pb_column][et_pb_column type=&#8220;1_2&#8243; _builder_version=&#8220;4.17.6&#8243; _module_preset=&#8220;default&#8220; background_color=&#8220;RGBA(255,255,255,0)&#8220; global_colors_info=&#8220;{}&#8220;][et_pb_contact_form title=&#8220;Anfrage f\u00fcr: Carport Prestige f\u00fcr mehrere Fahrzeuge&#8220; custom_message=&#8220;Anfrage f\u00fcr: Carport Prestige f\u00fcr mehrere Fahrzeuge ||et_pb_line_break_holder||||et_pb_line_break_holder||Ime in priimek: %%Name%%||et_pb_line_break_holder||E-po\u0161ta: %%Email%%||et_pb_line_break_holder||Telefon: %%Phone%%||et_pb_line_break_holder||Konstrukcija: %%Konstrukcija%%||et_pb_line_break_holder||Ponjava: %%Ponjava%%||et_pb_line_break_holder||\u0160tevilo vozil: %%Stevilo_vozil%%||et_pb_line_break_holder||Dostava: %%Dostava%%||et_pb_line_break_holder||Sporo\u010dilo: %%Message%%&#8220; success_message=&#8220;Vielen Dank f\u00fcr Ihre Anfrage. Wir werden uns schnellstm\u00f6glich mit Ihnen in Verbindung setzen.&#8220; submit_button_text=&#8220;Senden Sie eine Anfrage&#8220; _builder_version=&#8220;4.18.0&#8243; _module_preset=&#8220;default&#8220; _unique_id=&#8220;206a4854-deba-45a3-8cb4-e8cbe88e5e11&#8243; hover_enabled=&#8220;0&#8243; global_colors_info=&#8220;{}&#8220; email=&#8220;info@power.si&#8220; sticky_enabled=&#8220;0&#8243;][et_pb_contact_field field_id=&#8220;Name&#8220; field_title=&#8220;Name und Nachname&#8220; _builder_version=&#8220;4.17.6&#8243; global_colors_info=&#8220;{}&#8220; button_text_size__hover_enabled=&#8220;off&#8220; button_one_text_size__hover_enabled=&#8220;off&#8220; button_two_text_size__hover_enabled=&#8220;off&#8220; button_text_color__hover_enabled=&#8220;off&#8220; button_one_text_color__hover_enabled=&#8220;off&#8220; button_two_text_color__hover_enabled=&#8220;off&#8220; button_border_width__hover_enabled=&#8220;off&#8220; button_one_border_width__hover_enabled=&#8220;off&#8220; button_two_border_width__hover_enabled=&#8220;off&#8220; button_border_color__hover_enabled=&#8220;off&#8220; button_one_border_color__hover_enabled=&#8220;off&#8220; button_two_border_color__hover_enabled=&#8220;off&#8220; button_border_radius__hover_enabled=&#8220;off&#8220; button_one_border_radius__hover_enabled=&#8220;off&#8220; button_two_border_radius__hover_enabled=&#8220;off&#8220; button_letter_spacing__hover_enabled=&#8220;off&#8220; button_one_letter_spacing__hover_enabled=&#8220;off&#8220; button_two_letter_spacing__hover_enabled=&#8220;off&#8220; button_bg_color__hover_enabled=&#8220;off&#8220; button_one_bg_color__hover_enabled=&#8220;off&#8220; button_two_bg_color__hover_enabled=&#8220;off&#8220;][\/et_pb_contact_field][et_pb_contact_field field_id=&#8220;Email&#8220; field_title=&#8220;E-mail&#8220; field_type=&#8220;email&#8220; _builder_version=&#8220;4.17.6&#8243; global_colors_info=&#8220;{}&#8220; button_text_size__hover_enabled=&#8220;off&#8220; button_one_text_size__hover_enabled=&#8220;off&#8220; button_two_text_size__hover_enabled=&#8220;off&#8220; button_text_color__hover_enabled=&#8220;off&#8220; button_one_text_color__hover_enabled=&#8220;off&#8220; button_two_text_color__hover_enabled=&#8220;off&#8220; button_border_width__hover_enabled=&#8220;off&#8220; button_one_border_width__hover_enabled=&#8220;off&#8220; button_two_border_width__hover_enabled=&#8220;off&#8220; button_border_color__hover_enabled=&#8220;off&#8220; button_one_border_color__hover_enabled=&#8220;off&#8220; button_two_border_color__hover_enabled=&#8220;off&#8220; button_border_radius__hover_enabled=&#8220;off&#8220; button_one_border_radius__hover_enabled=&#8220;off&#8220; button_two_border_radius__hover_enabled=&#8220;off&#8220; button_letter_spacing__hover_enabled=&#8220;off&#8220; button_one_letter_spacing__hover_enabled=&#8220;off&#8220; button_two_letter_spacing__hover_enabled=&#8220;off&#8220; button_bg_color__hover_enabled=&#8220;off&#8220; button_one_bg_color__hover_enabled=&#8220;off&#8220; button_two_bg_color__hover_enabled=&#8220;off&#8220;][\/et_pb_contact_field][et_pb_contact_field field_id=&#8220;Phone&#8220; field_title=&#8220;Telefon&#8220; fullwidth_field=&#8220;on&#8220; _builder_version=&#8220;4.17.6&#8243; _module_preset=&#8220;default&#8220; global_colors_info=&#8220;{}&#8220;][\/et_pb_contact_field][et_pb_contact_field field_id=&#8220;Konstrukcija&#8220; field_title=&#8220;Konstruktionsfarbe&#8220; field_type=&#8220;select&#8220; select_options=&#8220;%91{%22value%22:%22Anthrazit%22,%22checked%22:0,%22dragID%22:-1},{%22value%22:%22Schwarz%22,%22checked%22:0,%22dragID%22:0},{%22value%22:%22Grau%22,%22checked%22:0,%22dragID%22:1},{%22value%22:%22Feuerverzinkt%22,%22checked%22:0,%22dragID%22:2},{%22value%22:%22Gr\u00fcn%22,%22checked%22:0,%22dragID%22:3}%93&#8243; fullwidth_field=&#8220;on&#8220; _builder_version=&#8220;4.17.6&#8243; _module_preset=&#8220;default&#8220; global_colors_info=&#8220;{}&#8220;][\/et_pb_contact_field][et_pb_contact_field field_id=&#8220;Ponjava&#8220; field_title=&#8220;Planenfarbe&#8220; field_type=&#8220;select&#8220; select_options=&#8220;%91{%22value%22:%22Wei\u00df%22,%22checked%22:0,%22dragID%22:-1},{%22value%22:%22Beige%22,%22checked%22:0,%22dragID%22:0},{%22value%22:%22Schwarz%22,%22checked%22:0,%22dragID%22:1},{%22value%22:%22Grau%22,%22checked%22:0,%22dragID%22:2},{%22value%22:%22Gr\u00fcn%22,%22checked%22:0,%22dragID%22:3}%93&#8243; fullwidth_field=&#8220;on&#8220; _builder_version=&#8220;4.17.6&#8243; _module_preset=&#8220;default&#8220; global_colors_info=&#8220;{}&#8220;][\/et_pb_contact_field][et_pb_contact_field field_id=&#8220;Stevilo_vozil&#8220; field_title=&#8220;Zahl der Fahrzeuge&#8220; field_type=&#8220;select&#8220; select_options=&#8220;%91{%22value%22:%221%22,%22checked%22:0,%22dragID%22:-1},{%22value%22:%222%22,%22checked%22:0,%22dragID%22:0},{%22value%22:%223%22,%22checked%22:0,%22dragID%22:1},{%22value%22:%224%22,%22checked%22:0,%22dragID%22:2},{%22value%22:%225%22,%22checked%22:0,%22dragID%22:3},{%22value%22:%226%22,%22checked%22:0,%22dragID%22:4},{%22value%22:%227%22,%22checked%22:0,%22dragID%22:5},{%22value%22:%228%22,%22checked%22:0,%22dragID%22:6},{%22value%22:%229%22,%22checked%22:0,%22dragID%22:7},{%22value%22:%2210%22,%22checked%22:0,%22dragID%22:8}%93&#8243; fullwidth_field=&#8220;on&#8220; _builder_version=&#8220;4.17.6&#8243; _module_preset=&#8220;default&#8220; global_colors_info=&#8220;{}&#8220;][\/et_pb_contact_field][et_pb_contact_field field_id=&#8220;Dostava&#8220; field_title=&#8220;Lieferung&#8220; field_type=&#8220;radio&#8220; radio_options=&#8220;%91{%22value%22:%22Bei Einbau durch uns wird die Lieferung von unserer Seite nach km abgerechnet%22,%22checked%22:0,%22dragID%22:-1},{%22value%22:%22Lieferung mit Logistikdienstleistung nach Angebot (Preis ca. 1,5 \u20ac\/km EU-unabh\u00e4ngig)%22,%22checked%22:0,%22dragID%22:0},{%22value%22:%22Lokale Abholung%22,%22checked%22:0,%22dragID%22:1}%93&#8243; fullwidth_field=&#8220;on&#8220; _builder_version=&#8220;4.17.6&#8243; _module_preset=&#8220;default&#8220; global_colors_info=&#8220;{}&#8220;][\/et_pb_contact_field][et_pb_contact_field field_id=&#8220;Message&#8220; field_title=&#8220;Zus\u00e4tzliche Nachricht&#8220; field_type=&#8220;text&#8220; required_mark=&#8220;off&#8220; fullwidth_field=&#8220;on&#8220; _builder_version=&#8220;4.17.6&#8243; global_colors_info=&#8220;{}&#8220; button_text_size__hover_enabled=&#8220;off&#8220; button_one_text_size__hover_enabled=&#8220;off&#8220; button_two_text_size__hover_enabled=&#8220;off&#8220; button_text_color__hover_enabled=&#8220;off&#8220; button_one_text_color__hover_enabled=&#8220;off&#8220; button_two_text_color__hover_enabled=&#8220;off&#8220; button_border_width__hover_enabled=&#8220;off&#8220; button_one_border_width__hover_enabled=&#8220;off&#8220; button_two_border_width__hover_enabled=&#8220;off&#8220; button_border_color__hover_enabled=&#8220;off&#8220; button_one_border_color__hover_enabled=&#8220;off&#8220; button_two_border_color__hover_enabled=&#8220;off&#8220; button_border_radius__hover_enabled=&#8220;off&#8220; button_one_border_radius__hover_enabled=&#8220;off&#8220; button_two_border_radius__hover_enabled=&#8220;off&#8220; button_letter_spacing__hover_enabled=&#8220;off&#8220; button_one_letter_spacing__hover_enabled=&#8220;off&#8220; button_two_letter_spacing__hover_enabled=&#8220;off&#8220; button_bg_color__hover_enabled=&#8220;off&#8220; button_one_bg_color__hover_enabled=&#8220;off&#8220; button_two_bg_color__hover_enabled=&#8220;off&#8220;][\/et_pb_contact_field][et_pb_contact_field field_id=&#8220;Politika_zasebnosti&#8220; field_title=&#8220;Wir versichern Ihnen, dass wir die hier erhobenen personenbezogenen Daten ausschlie\u00dflich zum Zwecke der Beantwortung verwenden und gem\u00e4\u00df geltendem Recht und unserer Datenschutzerkl\u00e4rung behandeln.&#8220; field_type=&#8220;checkbox&#8220; checkbox_options=&#8220;%91{%22value%22:%22Ich stimme der %22,%22checked%22:0,%22dragID%22:-1,%22link_url%22:%22\/allgemeine-geschaftsbedingungen%22,%22link_text%22:%22Datenschutzerkl\u00e4rung zu%22}%93&#8243; fullwidth_field=&#8220;on&#8220; _builder_version=&#8220;4.18.0&#8243; _module_preset=&#8220;default&#8220; global_colors_info=&#8220;{}&#8220;][\/et_pb_contact_field][\/et_pb_contact_form][\/et_pb_column][\/et_pb_row][\/et_pb_section]<\/p>\n","protected":false},"excerpt":{"rendered":"","protected":false},"author":1,"featured_media":0,"parent":0,"menu_order":0,"comment_status":"closed","ping_status":"closed","template":"","meta":{"_et_pb_use_builder":"on","_et_pb_old_content":"","_et_gb_content_width":"","footnotes":""},"class_list":["post-3056","page","type-page","status-publish","hentry"],"_links":{"self":[{"href":"https:\/\/trgovina.power.si\/de\/wp-json\/wp\/v2\/pages\/3056","targetHints":{"allow":["GET"]}}],"collection":[{"href":"https:\/\/trgovina.power.si\/de\/wp-json\/wp\/v2\/pages"}],"about":[{"href":"https:\/\/trgovina.power.si\/de\/wp-json\/wp\/v2\/types\/page"}],"author":[{"embeddable":true,"href":"https:\/\/trgovina.power.si\/de\/wp-json\/wp\/v2\/users\/1"}],"replies":[{"embeddable":true,"href":"https:\/\/trgovina.power.si\/de\/wp-json\/wp\/v2\/comments?post=3056"}],"version-history":[{"count":3,"href":"https:\/\/trgovina.power.si\/de\/wp-json\/wp\/v2\/pages\/3056\/revisions"}],"predecessor-version":[{"id":3229,"href":"https:\/\/trgovina.power.si\/de\/wp-json\/wp\/v2\/pages\/3056\/revisions\/3229"}],"wp:attachment":[{"href":"https:\/\/trgovina.power.si\/de\/wp-json\/wp\/v2\/media?parent=3056"}],"curies":[{"name":"wp","href":"https:\/\/api.w.org\/{rel}","templated":true}]}}