{"id":3024,"date":"2022-08-17T05:40:40","date_gmt":"2022-08-17T05:40:40","guid":{"rendered":"https:\/\/trgovina.power.si\/elektronischen-geschaeftsverkehrs\/"},"modified":"2022-11-08T09:21:12","modified_gmt":"2022-11-08T09:21:12","slug":"elektronischen-geschaftsverkehrs","status":"publish","type":"page","link":"https:\/\/trgovina.power.si\/de\/elektronischen-geschaftsverkehrs\/","title":{"rendered":"Elektronischen Gesch\u00e4ftsverkehrs"},"content":{"rendered":"<p>[et_pb_section fb_built=&#8220;1&#8243; _builder_version=&#8220;4.18.0&#8243; _module_preset=&#8220;default&#8220; global_colors_info=&#8220;{}&#8220;][et_pb_row _builder_version=&#8220;4.18.0&#8243; _module_preset=&#8220;default&#8220; global_colors_info=&#8220;{}&#8220;][et_pb_column type=&#8220;4_4&#8243; _builder_version=&#8220;4.18.0&#8243; _module_preset=&#8220;default&#8220; global_colors_info=&#8220;{}&#8220;][et_pb_text _builder_version=&#8220;4.18.0&#8243; _module_preset=&#8220;default&#8220; hover_enabled=&#8220;0&#8243; global_colors_info=&#8220;{}&#8220; sticky_enabled=&#8220;0&#8243;]<\/p>\n<h1>Elektronischen Gesch\u00e4ftsverkehrs<\/h1>\n<p><!-- [et_pb_line_break_holder] --><br \/>Das Unternehmen war erfolgreich bei der \u00f6ffentlichen Ausschreibung zur Einrichtung oder Aufr\u00fcstung des elektronischen Gesch\u00e4ftsverkehrs im Unternehmen im Zeitraum 2019-2022 \u201eE-BUSINESS 2019-2022\u201c<\/p>\n<p>Im Rahmen der Operation \u201eDigitalisierung der Gesellschaft Power \u0161otori, d.o.o.\u201c f\u00fchren wir folgende Ma\u00dfnahmen durch:<\/p>\n<ul>\n<li>Elektronischer Austausch zwischen Partnern,<\/li>\n<li>Digitalisierung von Messeauftritten,<\/li>\n<li>Websites f\u00fcr ausl\u00e4ndische M\u00e4rkte,<\/li>\n<li>Produkt \u2013 Verkaufsvideo,<\/li>\n<li>Kompetenzen st\u00e4rken \u2013 Ausbildung.<\/li>\n<\/ul>\n<p>Ziel der \u00f6ffentlichen Ausschreibung aus Sicht des Operationellen Programms zur Umsetzung der Europ\u00e4ischen Koh\u00e4sionspolitik ist es, die M\u00f6glichkeiten von KMU zum Eintritt oder Ausbau ihrer Gesch\u00e4ftst\u00e4tigkeit auf ausl\u00e4ndischen M\u00e4rkten zu verbessern und damit ihre internationale Wettbewerbsf\u00e4higkeit durch den Auf- oder Ausbau von e- Handel.<\/p>\n<p>Ziel der Operation ist es, den Eintritt in globale Wertsch\u00f6pfungsketten und neue M\u00e4rkte zu unterst\u00fctzen und die internationale Wettbewerbsf\u00e4higkeit durch die Kofinanzierung der f\u00f6rderf\u00e4higen Kosten f\u00fcr die Einrichtung oder Modernisierung des elektronischen Handels zu steigern.<\/p>\n<p>Die Investition wird von der Republik Slowenien und der Europ\u00e4ischen Union aus dem Europ\u00e4ischen Fonds f\u00fcr regionale Entwicklung (EFRE) kofinanziert. Weitere Informationen finden Sie unter <a href=\"https:\/\/www.eu-skladi.si\/\" target=\"_blank\" rel=\"noopener\">www.eu-skladi.si<\/a>.<\/p>\n<p>Der Wert des erhaltenen Zuschusses betr\u00e4gt 29.796,20 EUR.<\/p>\n<p>Wir haben Schulungen in Form von drei Workshops durchgef\u00fchrt, in denen wir folgende Kompetenzen erworben haben:<\/p>\n<ul>\n<li>papierloses Gesch\u00e4ft,<\/li>\n<li>Internet sicherheit,<\/li>\n<li>Berufsklassifizierung,<\/li>\n<li>Industrie 4.0,<\/li>\n<li>Good Practices und Gesch\u00e4ftsmodelle im Zusammenhang mit Industrie 4.0.<\/li>\n<\/ul>\n<p>[\/et_pb_text][\/et_pb_column][\/et_pb_row][\/et_pb_section][et_pb_section fb_built=&#8220;1&#8243; _builder_version=&#8220;4.18.0&#8243; _module_preset=&#8220;default&#8220; global_colors_info=&#8220;{}&#8220;][et_pb_row column_structure=&#8220;1_3,1_3,1_3&#8243; _builder_version=&#8220;4.18.0&#8243; _module_preset=&#8220;default&#8220; global_colors_info=&#8220;{}&#8220;][et_pb_column type=&#8220;1_3&#8243; _builder_version=&#8220;4.18.0&#8243; _module_preset=&#8220;default&#8220; global_colors_info=&#8220;{}&#8220;][et_pb_image src=&#8220;http:\/\/trgovina.power.si\/wp-content\/uploads\/2022\/08\/spirit.jpg&#8220; title_text=&#8220;spirit&#8220; _builder_version=&#8220;4.18.0&#8243; _module_preset=&#8220;default&#8220; global_colors_info=&#8220;{}&#8220;][\/et_pb_image][\/et_pb_column][et_pb_column type=&#8220;1_3&#8243; _builder_version=&#8220;4.18.0&#8243; _module_preset=&#8220;default&#8220; global_colors_info=&#8220;{}&#8220;][et_pb_image src=&#8220;http:\/\/trgovina.power.si\/wp-content\/uploads\/2022\/08\/razvoj.jpg&#8220; title_text=&#8220;razvoj&#8220; _builder_version=&#8220;4.18.0&#8243; _module_preset=&#8220;default&#8220; global_colors_info=&#8220;{}&#8220;][\/et_pb_image][\/et_pb_column][et_pb_column type=&#8220;1_3&#8243; _builder_version=&#8220;4.18.0&#8243; _module_preset=&#8220;default&#8220; global_colors_info=&#8220;{}&#8220;][et_pb_image src=&#8220;http:\/\/trgovina.power.si\/wp-content\/uploads\/2022\/08\/tehnologija.jpg&#8220; title_text=&#8220;tehnologija&#8220; _builder_version=&#8220;4.18.0&#8243; _module_preset=&#8220;default&#8220; global_colors_info=&#8220;{}&#8220;][\/et_pb_image][\/et_pb_column][\/et_pb_row][\/et_pb_section]<\/p>\n","protected":false},"excerpt":{"rendered":"<p>Elektronischen Gesch\u00e4ftsverkehrs Das Unternehmen war erfolgreich bei der \u00f6ffentlichen Ausschreibung zur Einrichtung oder Aufr\u00fcstung des elektronischen Gesch\u00e4ftsverkehrs im Unternehmen im Zeitraum 2019-2022 \u201eE-BUSINESS 2019-2022\u201c Im Rahmen der Operation \u201eDigitalisierung der Gesellschaft Power \u0161otori, d.o.o.\u201c f\u00fchren wir folgende Ma\u00dfnahmen durch: Elektronischer Austausch zwischen Partnern, Digitalisierung von Messeauftritten, Websites f\u00fcr ausl\u00e4ndische M\u00e4rkte, Produkt \u2013 Verkaufsvideo, Kompetenzen st\u00e4rken [&hellip;]<\/p>\n","protected":false},"author":1,"featured_media":0,"parent":0,"menu_order":0,"comment_status":"closed","ping_status":"closed","template":"","meta":{"_et_pb_use_builder":"on","_et_pb_old_content":"","_et_gb_content_width":"","footnotes":""},"class_list":["post-3024","page","type-page","status-publish","hentry"],"_links":{"self":[{"href":"https:\/\/trgovina.power.si\/de\/wp-json\/wp\/v2\/pages\/3024","targetHints":{"allow":["GET"]}}],"collection":[{"href":"https:\/\/trgovina.power.si\/de\/wp-json\/wp\/v2\/pages"}],"about":[{"href":"https:\/\/trgovina.power.si\/de\/wp-json\/wp\/v2\/types\/page"}],"author":[{"embeddable":true,"href":"https:\/\/trgovina.power.si\/de\/wp-json\/wp\/v2\/users\/1"}],"replies":[{"embeddable":true,"href":"https:\/\/trgovina.power.si\/de\/wp-json\/wp\/v2\/comments?post=3024"}],"version-history":[{"count":4,"href":"https:\/\/trgovina.power.si\/de\/wp-json\/wp\/v2\/pages\/3024\/revisions"}],"predecessor-version":[{"id":3179,"href":"https:\/\/trgovina.power.si\/de\/wp-json\/wp\/v2\/pages\/3024\/revisions\/3179"}],"wp:attachment":[{"href":"https:\/\/trgovina.power.si\/de\/wp-json\/wp\/v2\/media?parent=3024"}],"curies":[{"name":"wp","href":"https:\/\/api.w.org\/{rel}","templated":true}]}}