{"id":2941,"date":"2022-04-09T14:58:32","date_gmt":"2022-04-09T14:58:32","guid":{"rendered":"https:\/\/trgovina.power.si\/o-podjetju\/"},"modified":"2022-08-26T14:00:30","modified_gmt":"2022-08-26T14:00:30","slug":"uber-uns","status":"publish","type":"page","link":"https:\/\/trgovina.power.si\/de\/uber-uns\/","title":{"rendered":"\u00dcber Uns"},"content":{"rendered":"[et_pb_section fb_built=&#8220;1&#8243; _builder_version=&#8220;4.17.0&#8243; _module_preset=&#8220;default&#8220; global_colors_info=&#8220;{}&#8220;][et_pb_row _builder_version=&#8220;4.17.0&#8243; _module_preset=&#8220;default&#8220; global_colors_info=&#8220;{}&#8220;][et_pb_column type=&#8220;4_4&#8243; _builder_version=&#8220;4.17.0&#8243; _module_preset=&#8220;default&#8220; global_colors_info=&#8220;{}&#8220;][et_pb_text _builder_version=&#8220;4.17.0&#8243; _dynamic_attributes=&#8220;content&#8220; _module_preset=&#8220;default&#8220; global_colors_info=&#8220;{}&#8220;]@ET-DC@eyJkeW5hbWljIjp0cnVlLCJjb250ZW50IjoicG9zdF90aXRsZSIsInNldHRpbmdzIjp7ImJlZm9yZSI6IjxoMT4iLCJhZnRlciI6IjwvaDE+In19@[\/et_pb_text][\/et_pb_column][\/et_pb_row][et_pb_row _builder_version=&#8220;4.17.0&#8243; _module_preset=&#8220;default&#8220; global_colors_info=&#8220;{}&#8220;][et_pb_column type=&#8220;4_4&#8243; _builder_version=&#8220;4.17.0&#8243; _module_preset=&#8220;default&#8220; global_colors_info=&#8220;{}&#8220;][et_pb_text _builder_version=&#8220;4.17.5&#8243; _module_preset=&#8220;default&#8220; global_colors_info=&#8220;{}&#8220;]<p>Die Firma POWER Zelte wurde 1995 in Slowenien gegr\u00fcndet, wo auch die komplette Produktion stationiert ist, und ist 100%iger Eigent\u00fcmer der Firma POWER Zelte mit Sitz in K\u00e4rnten, \u00d6sterreich.<\/p>\r\n<p>Die Produktion des Unternehmens besteht aus einer Produktion f\u00fcr die Montage von Planen und einer Produktion f\u00fcr die Herstellung von Metallkonstruktionen.<\/p>\r\n<p>Beide Produktionen arbeiten mit modernsten Maschinen (Roboterschneiden von Metallprofilen, computergesteuertes Schneiden von PVC-Planen, Hochfrequenzschwei\u00dfen von PVC-Planen, &#8230;).<\/p>\r\n<p>Das Unternehmen nutzt eine eigene LKW-Flotte, einschlie\u00dflich der erforderlichen Autokr\u00e4ne, K\u00f6rbe f\u00fcr Arbeiten in der H\u00f6he, gel\u00e4ndeg\u00e4ngige Gabelstapler und andere notwendige Maschinen f\u00fcr eine reibungslose Montage im Feld.<\/p>\r\n<p>Die Typenbauten der Firma POWER Zelte stellen eine schnelle und kosteng\u00fcnstige Alternative zu klassischen Konstruktionen dar, ohne Kompromisse bei Qualit\u00e4t und Sicherheit einzugehen.<\/p>\r\n<p>Wir unterst\u00fctzen unsere Kunden umfassend bei Projekten von der Idee bis zur Umsetzung innerhalb der vereinbarten Zeit und zum vereinbarten Preis.<\/p>\r\n<p>Bei der Ausf\u00fchrung von Arbeiten folgen wir dem alten Sprichwort:<\/p>\r\n<p>&nbsp;<\/p>\r\n<blockquote>\r\n<p>EIN ZUFRIEDENER K\u00c4UFER IST DIE GR\u00d6SSTE ANERKENNUNG F\u00dcR EINEN GUT ERLEDIGTEN AUFTRAG!<\/p>\r\n<\/blockquote>[\/et_pb_text][et_pb_video src=&#8220;https:\/\/www.youtube.com\/watch?v=7Im90TIa4qI&#8220; _builder_version=&#8220;4.17.5&#8243; _module_preset=&#8220;default&#8220; global_colors_info=&#8220;{}&#8220;][\/et_pb_video][\/et_pb_column][\/et_pb_row][\/et_pb_section][et_pb_section fb_built=&#8220;1&#8243; _builder_version=&#8220;4.17.6&#8243; _module_preset=&#8220;default&#8220; custom_margin=&#8220;0px||0px||false|false&#8220; custom_padding=&#8220;0px||0px||false|false&#8220; saved_tabs=&#8220;all&#8220; global_colors_info=&#8220;{}&#8220;][et_pb_row admin_label=&#8220;Zemljevid&#8220; _builder_version=&#8220;4.17.6&#8243; _module_preset=&#8220;default&#8220; width=&#8220;100%&#8220; max_width=&#8220;100%&#8220; custom_margin=&#8220;||0px||false|false&#8220; custom_padding=&#8220;||0px||false|false&#8220; global_colors_info=&#8220;{}&#8220;][et_pb_column type=&#8220;4_4&#8243; _builder_version=&#8220;4.17.6&#8243; _module_preset=&#8220;default&#8220; global_colors_info=&#8220;{}&#8220;][et_pb_code _builder_version=&#8220;4.17.6&#8243; _module_preset=&#8220;default&#8220; custom_margin=&#8220;||0px||false|false&#8220; custom_padding=&#8220;||0px||false|false&#8220; global_colors_info=&#8220;{}&#8220;]<iframe src=\"https:\/\/www.google.com\/maps\/embed?pb=!1m18!1m12!1m3!1d4610.95837983148!2d15.137604956712302!3d46.59332080175504!2m3!1f0!2f0!3f0!3m2!1i1024!2i768!4f13.1!3m3!1m2!1s0x476fed8580d9e6f1%3A0x8c560456bf4679ed!2sPOWER%20DAMIJAN%20DOBNIK%20S.P.!5e0!3m2!1ssl!2ssi!4v1659528567552!5m2!1ssl!2ssi\" width=\"100%\" height=\"450\" style=\"border:0;\" allowfullscreen=\"\" loading=\"lazy\" referrerpolicy=\"no-referrer-when-downgrade\"><\/iframe>[\/et_pb_code][\/et_pb_column][\/et_pb_row][\/et_pb_section]","protected":false},"excerpt":{"rendered":"<p>Die Firma POWER Zelte wurde 1995 in Slowenien gegr\u00fcndet, wo auch die komplette Produktion stationiert ist, und ist 100%iger Eigent\u00fcmer der Firma POWER Zelte mit Sitz in K\u00e4rnten, \u00d6sterreich. Die Produktion des Unternehmens besteht aus einer Produktion f\u00fcr die Montage von Planen und einer Produktion f\u00fcr die Herstellung von Metallkonstruktionen. Beide Produktionen arbeiten mit modernsten [&hellip;]<\/p>\n","protected":false},"author":1,"featured_media":0,"parent":0,"menu_order":0,"comment_status":"closed","ping_status":"closed","template":"","meta":{"_et_pb_use_builder":"on","_et_pb_old_content":"","_et_gb_content_width":"","footnotes":""},"class_list":["post-2941","page","type-page","status-publish","hentry"],"_links":{"self":[{"href":"https:\/\/trgovina.power.si\/de\/wp-json\/wp\/v2\/pages\/2941","targetHints":{"allow":["GET"]}}],"collection":[{"href":"https:\/\/trgovina.power.si\/de\/wp-json\/wp\/v2\/pages"}],"about":[{"href":"https:\/\/trgovina.power.si\/de\/wp-json\/wp\/v2\/types\/page"}],"author":[{"embeddable":true,"href":"https:\/\/trgovina.power.si\/de\/wp-json\/wp\/v2\/users\/1"}],"replies":[{"embeddable":true,"href":"https:\/\/trgovina.power.si\/de\/wp-json\/wp\/v2\/comments?post=2941"}],"version-history":[{"count":5,"href":"https:\/\/trgovina.power.si\/de\/wp-json\/wp\/v2\/pages\/2941\/revisions"}],"predecessor-version":[{"id":3142,"href":"https:\/\/trgovina.power.si\/de\/wp-json\/wp\/v2\/pages\/2941\/revisions\/3142"}],"wp:attachment":[{"href":"https:\/\/trgovina.power.si\/de\/wp-json\/wp\/v2\/media?parent=2941"}],"curies":[{"name":"wp","href":"https:\/\/api.w.org\/{rel}","templated":true}]}}